{"id":16536,"date":"2024-10-22T18:22:39","date_gmt":"2024-10-22T18:22:39","guid":{"rendered":"https:\/\/resi.do\/web\/?page_id=16536"},"modified":"2025-01-07T17:18:19","modified_gmt":"2025-01-07T17:18:19","slug":"demostracion","status":"publish","type":"page","link":"https:\/\/resi.do\/web\/demostracion\/","title":{"rendered":"Demostraci\u00f3n"},"content":{"rendered":"\t\t<div data-elementor-type=\"wp-page\" data-elementor-id=\"16536\" class=\"elementor elementor-16536\" data-elementor-settings=\"{&quot;element_pack_global_tooltip_width&quot;:{&quot;unit&quot;:&quot;px&quot;,&quot;size&quot;:&quot;&quot;,&quot;sizes&quot;:[]},&quot;element_pack_global_tooltip_width_tablet&quot;:{&quot;unit&quot;:&quot;px&quot;,&quot;size&quot;:&quot;&quot;,&quot;sizes&quot;:[]},&quot;element_pack_global_tooltip_width_mobile&quot;:{&quot;unit&quot;:&quot;px&quot;,&quot;size&quot;:&quot;&quot;,&quot;sizes&quot;:[]},&quot;element_pack_global_tooltip_padding&quot;:{&quot;unit&quot;:&quot;px&quot;,&quot;top&quot;:&quot;&quot;,&quot;right&quot;:&quot;&quot;,&quot;bottom&quot;:&quot;&quot;,&quot;left&quot;:&quot;&quot;,&quot;isLinked&quot;:true},&quot;element_pack_global_tooltip_padding_tablet&quot;:{&quot;unit&quot;:&quot;px&quot;,&quot;top&quot;:&quot;&quot;,&quot;right&quot;:&quot;&quot;,&quot;bottom&quot;:&quot;&quot;,&quot;left&quot;:&quot;&quot;,&quot;isLinked&quot;:true},&quot;element_pack_global_tooltip_padding_mobile&quot;:{&quot;unit&quot;:&quot;px&quot;,&quot;top&quot;:&quot;&quot;,&quot;right&quot;:&quot;&quot;,&quot;bottom&quot;:&quot;&quot;,&quot;left&quot;:&quot;&quot;,&quot;isLinked&quot;:true},&quot;element_pack_global_tooltip_border_radius&quot;:{&quot;unit&quot;:&quot;px&quot;,&quot;top&quot;:&quot;&quot;,&quot;right&quot;:&quot;&quot;,&quot;bottom&quot;:&quot;&quot;,&quot;left&quot;:&quot;&quot;,&quot;isLinked&quot;:true},&quot;element_pack_global_tooltip_border_radius_tablet&quot;:{&quot;unit&quot;:&quot;px&quot;,&quot;top&quot;:&quot;&quot;,&quot;right&quot;:&quot;&quot;,&quot;bottom&quot;:&quot;&quot;,&quot;left&quot;:&quot;&quot;,&quot;isLinked&quot;:true},&quot;element_pack_global_tooltip_border_radius_mobile&quot;:{&quot;unit&quot;:&quot;px&quot;,&quot;top&quot;:&quot;&quot;,&quot;right&quot;:&quot;&quot;,&quot;bottom&quot;:&quot;&quot;,&quot;left&quot;:&quot;&quot;,&quot;isLinked&quot;:true}}\" data-elementor-post-type=\"page\">\n\t\t\t\t<div class=\"elementor-element elementor-element-21de785 e-flex e-con-boxed e-con e-parent\" data-id=\"21de785\" data-element_type=\"container\" data-e-type=\"container\">\n\t\t\t\t\t<div class=\"e-con-inner\">\n\t\t<div class=\"elementor-element elementor-element-08cae80 e-con-full e-flex e-con e-child\" data-id=\"08cae80\" data-element_type=\"container\" data-e-type=\"container\">\n\t\t\t\t<div class=\"elementor-element elementor-element-8be6198 elementor-widget elementor-widget-heading\" data-id=\"8be6198\" data-element_type=\"widget\" data-e-type=\"widget\" data-widget_type=\"heading.default\">\n\t\t\t\t<div class=\"elementor-widget-container\">\n\t\t\t\t\t<h2 class=\"elementor-heading-title elementor-size-default\">Demostraci\u00f3n del sistema Resi.do<\/h2>\t\t\t\t<\/div>\n\t\t\t\t<\/div>\n\t\t\t\t<\/div>\n\t\t\t\t\t<\/div>\n\t\t\t\t<\/div>\n\t\t<div class=\"elementor-element elementor-element-fcdab69 e-flex e-con-boxed e-con e-parent\" data-id=\"fcdab69\" data-element_type=\"container\" data-e-type=\"container\">\n\t\t\t\t\t<div class=\"e-con-inner\">\n\t\t\t\t<div class=\"elementor-element elementor-element-63b07aa elementor-widget elementor-widget-text-editor\" data-id=\"63b07aa\" data-element_type=\"widget\" data-e-type=\"widget\" data-widget_type=\"text-editor.default\">\n\t\t\t\t<div class=\"elementor-widget-container\">\n\t\t\t\t\t\t\t\t\t<div class=\"flex max-w-full flex-col flex-grow\"><div class=\"min-h-8 text-message flex w-full flex-col items-end gap-2 whitespace-normal break-words [.text-message+&amp;]:mt-5\" dir=\"auto\" style=\"text-align: center;\" data-message-author-role=\"assistant\" data-message-id=\"d362697d-4f07-4dea-8d14-381981969232\" data-message-model-slug=\"gpt-4o\"><div class=\"flex w-full flex-col gap-1 empty:hidden first:pt-[3px]\"><div class=\"markdown prose w-full break-words dark:prose-invert light\"><div class=\"flex-shrink-0 flex flex-col relative items-end\"><div><div class=\"pt-0\"><div class=\"gizmo-bot-avatar flex h-8 w-8 items-center justify-center overflow-hidden rounded-full\"><div class=\"relative p-1 rounded-sm flex items-center justify-center bg-token-main-surface-primary text-token-text-primary h-8 w-8\"><span style=\"color: #52525c; font-family: 'Open Sans', sans-serif; font-size: 1rem;\">Durante la demostraci\u00f3n, navegaremos por su interfaz intuitiva y f\u00e1cil de usar, destacando funcionalidades clave como la automatizaci\u00f3n de cobros, el env\u00edo de notificaciones instant\u00e1neas y la generaci\u00f3n de reportes en tiempo real. Adem\u00e1s, mostraremos c\u00f3mo los residentes pueden interactuar directamente desde la plataforma, gestionando sus pagos, enviando solicitudes y reservando servicios comunes con solo unos clics. Con Resi.do, la administraci\u00f3n se vuelve m\u00e1s \u00e1gil, moderna y orientada a mejorar la convivencia, garantizando una experiencia colaborativa y eficiente para tu condominio o residencial.<\/span><\/div><\/div><\/div><\/div><\/div><\/div><\/div><\/div><\/div>\t\t\t\t\t\t\t\t<\/div>\n\t\t\t\t<\/div>\n\t\t\t\t\t<\/div>\n\t\t\t\t<\/div>\n\t\t<div class=\"elementor-element elementor-element-efeca5a e-flex e-con-boxed e-con e-parent\" data-id=\"efeca5a\" data-element_type=\"container\" data-e-type=\"container\">\n\t\t\t\t\t<div class=\"e-con-inner\">\n\t\t\t\t<div class=\"elementor-element elementor-element-ac87e61 elementor-widget elementor-widget-image\" data-id=\"ac87e61\" data-element_type=\"widget\" data-e-type=\"widget\" data-widget_type=\"image.default\">\n\t\t\t\t<div class=\"elementor-widget-container\">\n\t\t\t\t\t\t\t\t\t\t\t\t\t\t\t<img fetchpriority=\"high\" decoding=\"async\" width=\"1024\" height=\"1024\" src=\"https:\/\/resi.do\/web\/wp-content\/uploads\/2024\/10\/Post-de-Instagram-Noticia-Urgente-Moderno-Rojo-1-1024x1024.png\" class=\"attachment-large size-large wp-image-16549\" alt=\"\" srcset=\"https:\/\/resi.do\/web\/wp-content\/uploads\/2024\/10\/Post-de-Instagram-Noticia-Urgente-Moderno-Rojo-1-1024x1024.png 1024w, https:\/\/resi.do\/web\/wp-content\/uploads\/2024\/10\/Post-de-Instagram-Noticia-Urgente-Moderno-Rojo-1-300x300.png 300w, https:\/\/resi.do\/web\/wp-content\/uploads\/2024\/10\/Post-de-Instagram-Noticia-Urgente-Moderno-Rojo-1-150x150.png 150w, https:\/\/resi.do\/web\/wp-content\/uploads\/2024\/10\/Post-de-Instagram-Noticia-Urgente-Moderno-Rojo-1-768x768.png 768w, https:\/\/resi.do\/web\/wp-content\/uploads\/2024\/10\/Post-de-Instagram-Noticia-Urgente-Moderno-Rojo-1-40x40.png 40w, https:\/\/resi.do\/web\/wp-content\/uploads\/2024\/10\/Post-de-Instagram-Noticia-Urgente-Moderno-Rojo-1-60x60.png 60w, https:\/\/resi.do\/web\/wp-content\/uploads\/2024\/10\/Post-de-Instagram-Noticia-Urgente-Moderno-Rojo-1-545x545.png 545w, https:\/\/resi.do\/web\/wp-content\/uploads\/2024\/10\/Post-de-Instagram-Noticia-Urgente-Moderno-Rojo-1-70x70.png 70w, https:\/\/resi.do\/web\/wp-content\/uploads\/2024\/10\/Post-de-Instagram-Noticia-Urgente-Moderno-Rojo-1.png 1080w\" sizes=\"(max-width: 1024px) 100vw, 1024px\" \/>\t\t\t\t\t\t\t\t\t\t\t\t\t\t\t<\/div>\n\t\t\t\t<\/div>\n\t\t\t\t\t<\/div>\n\t\t\t\t<\/div>\n\t\t<div class=\"elementor-element elementor-element-f9c6e51 e-flex e-con-boxed e-con e-parent\" data-id=\"f9c6e51\" data-element_type=\"container\" data-e-type=\"container\">\n\t\t\t\t\t<div class=\"e-con-inner\">\n\t\t\t\t<div class=\"elementor-element elementor-element-876f631 elementor-widget elementor-widget-heading\" data-id=\"876f631\" data-element_type=\"widget\" data-e-type=\"widget\" data-widget_type=\"heading.default\">\n\t\t\t\t<div class=\"elementor-widget-container\">\n\t\t\t\t\t<h3 class=\"elementor-heading-title elementor-size-default\">Datos de demostraci\u00f3n <\/h3>\t\t\t\t<\/div>\n\t\t\t\t<\/div>\n\t\t\t\t\t<\/div>\n\t\t\t\t<\/div>\n\t\t<div class=\"elementor-element elementor-element-8f44d7f e-flex e-con-boxed e-con e-parent\" data-id=\"8f44d7f\" data-element_type=\"container\" data-e-type=\"container\">\n\t\t\t\t\t<div class=\"e-con-inner\">\n\t\t<div class=\"elementor-element elementor-element-a948d14 e-con-full e-flex e-con e-child\" data-id=\"a948d14\" data-element_type=\"container\" data-e-type=\"container\">\n\t\t\t\t<div class=\"elementor-element elementor-element-e632066 elementor-widget elementor-widget-heading\" data-id=\"e632066\" data-element_type=\"widget\" data-e-type=\"widget\" data-widget_type=\"heading.default\">\n\t\t\t\t<div class=\"elementor-widget-container\">\n\t\t\t\t\t<h4 class=\"elementor-heading-title elementor-size-default\">Administradores <\/h4>\t\t\t\t<\/div>\n\t\t\t\t<\/div>\n\t\t\t\t<div class=\"elementor-element elementor-element-e676699 elementor-align-center elementor-widget elementor-widget-button\" data-id=\"e676699\" data-element_type=\"widget\" data-e-type=\"widget\" data-widget_type=\"button.default\">\n\t\t\t\t<div class=\"elementor-widget-container\">\n\t\t\t\t\t\t\t\t\t<div class=\"elementor-button-wrapper\">\n\t\t\t\t\t<a class=\"elementor-button elementor-button-link elementor-size-sm\" href=\"https:\/\/demostracion01.resi.do\/admin\/\" target=\"_blank\">\n\t\t\t\t\t\t<span class=\"elementor-button-content-wrapper\">\n\t\t\t\t\t\t\t\t\t<span class=\"elementor-button-text\">Enlace, haz clic aqu\u00ed <\/span>\n\t\t\t\t\t<\/span>\n\t\t\t\t\t<\/a>\n\t\t\t\t<\/div>\n\t\t\t\t\t\t\t\t<\/div>\n\t\t\t\t<\/div>\n\t\t\t\t<div class=\"elementor-element elementor-element-56d87d0 elementor-widget elementor-widget-text-editor\" data-id=\"56d87d0\" data-element_type=\"widget\" data-e-type=\"widget\" data-widget_type=\"text-editor.default\">\n\t\t\t\t<div class=\"elementor-widget-container\">\n\t\t\t\t\t\t\t\t\t<ol><li>Administrador de sistema:\u00a0<\/li><li>Administrador del residencial: <a href=\"mailto:esterpena@gmail.com\">esterpena@gmail.com<\/a>\u00a0<\/li><li>Secretario\/a: <a href=\"mailto:mariacamps@gmail.com\">mariacamps@gmail.com<\/a><\/li><li>Contable: <a href=\"mailto:josefinaacosta@gamil.com\">josefinaacosta@gamil.com<\/a><\/li><li>Junta de vecinos: <a href=\"mailto:jonathonsmith@gmail.com\">jonathonsmith@gmail.com<\/a><\/li><\/ol><p><strong><em>Contrase\u00f1a<\/em>: 1234<\/strong><\/p><p><strong>El sistema esta adaptado para crear cualquier cargo del equip\u00f3 administrativo.\u00a0<\/strong><\/p>\t\t\t\t\t\t\t\t<\/div>\n\t\t\t\t<\/div>\n\t\t\t\t<\/div>\n\t\t<div class=\"elementor-element elementor-element-9684a36 e-con-full e-flex e-con e-child\" data-id=\"9684a36\" data-element_type=\"container\" data-e-type=\"container\">\n\t\t\t\t<div class=\"elementor-element elementor-element-beee399 elementor-widget elementor-widget-heading\" data-id=\"beee399\" data-element_type=\"widget\" data-e-type=\"widget\" data-widget_type=\"heading.default\">\n\t\t\t\t<div class=\"elementor-widget-container\">\n\t\t\t\t\t<h4 class=\"elementor-heading-title elementor-size-default\">Residentes <\/h4>\t\t\t\t<\/div>\n\t\t\t\t<\/div>\n\t\t\t\t<div class=\"elementor-element elementor-element-2657f5c elementor-align-center elementor-widget elementor-widget-button\" data-id=\"2657f5c\" data-element_type=\"widget\" data-e-type=\"widget\" data-widget_type=\"button.default\">\n\t\t\t\t<div class=\"elementor-widget-container\">\n\t\t\t\t\t\t\t\t\t<div class=\"elementor-button-wrapper\">\n\t\t\t\t\t<a class=\"elementor-button elementor-button-link elementor-size-sm\" href=\"https:\/\/demostracion01.resi.do\/\" target=\"_blank\">\n\t\t\t\t\t\t<span class=\"elementor-button-content-wrapper\">\n\t\t\t\t\t\t\t\t\t<span class=\"elementor-button-text\">Enlace, haz clic aqu\u00ed<\/span>\n\t\t\t\t\t<\/span>\n\t\t\t\t\t<\/a>\n\t\t\t\t<\/div>\n\t\t\t\t\t\t\t\t<\/div>\n\t\t\t\t<\/div>\n\t\t\t\t<div class=\"elementor-element elementor-element-efb69d7 elementor-widget elementor-widget-text-editor\" data-id=\"efb69d7\" data-element_type=\"widget\" data-e-type=\"widget\" data-widget_type=\"text-editor.default\">\n\t\t\t\t<div class=\"elementor-widget-container\">\n\t\t\t\t\t\t\t\t\t<ol><li>Residente 1: <a href=\"mailto:jonathonsmith@gmail.com\">jonathonsmith@gmail.com<\/a><\/li><li>Residente 2: <a href=\"mailto:angelmertinez@gmail.com\">angelmertinez@gmail.com<\/a><\/li><li>Residente 3: <a href=\"mailto:terezaperez@gmail.com\">terezaperez@gmail.com<\/a><\/li><\/ol><div>\u00a0La <strong>contrase\u00f1a<\/strong> es: <strong>1234<\/strong>. En este caso, se utiliz\u00f3 la misma contrase\u00f1a para todos. Copia y pega el enlace de demostraci\u00f3n para iniciar sesi\u00f3n.<\/div>\t\t\t\t\t\t\t\t<\/div>\n\t\t\t\t<\/div>\n\t\t\t\t<\/div>\n\t\t\t\t\t<\/div>\n\t\t\t\t<\/div>\n\t\t\t\t<\/div>\n\t\t","protected":false},"excerpt":{"rendered":"<p>Demostraci\u00f3n del sistema Resi.do Durante la demostraci\u00f3n, navegaremos por su interfaz intuitiva y f\u00e1cil de usar, destacando funcionalidades clave como la automatizaci\u00f3n de cobros, el env\u00edo de notificaciones instant\u00e1neas y la generaci\u00f3n de reportes en tiempo real. Adem\u00e1s, mostraremos c\u00f3mo los residentes pueden interactuar directamente desde la plataforma, gestionando sus pagos, enviando solicitudes y reservando [&hellip;]<\/p>\n","protected":false},"author":1,"featured_media":0,"parent":0,"menu_order":0,"comment_status":"closed","ping_status":"closed","template":"elementor_header_footer","meta":{"footnotes":""},"class_list":["post-16536","page","type-page","status-publish","hentry"],"_links":{"self":[{"href":"https:\/\/resi.do\/web\/wp-json\/wp\/v2\/pages\/16536","targetHints":{"allow":["GET"]}}],"collection":[{"href":"https:\/\/resi.do\/web\/wp-json\/wp\/v2\/pages"}],"about":[{"href":"https:\/\/resi.do\/web\/wp-json\/wp\/v2\/types\/page"}],"author":[{"embeddable":true,"href":"https:\/\/resi.do\/web\/wp-json\/wp\/v2\/users\/1"}],"replies":[{"embeddable":true,"href":"https:\/\/resi.do\/web\/wp-json\/wp\/v2\/comments?post=16536"}],"version-history":[{"count":34,"href":"https:\/\/resi.do\/web\/wp-json\/wp\/v2\/pages\/16536\/revisions"}],"predecessor-version":[{"id":16642,"href":"https:\/\/resi.do\/web\/wp-json\/wp\/v2\/pages\/16536\/revisions\/16642"}],"wp:attachment":[{"href":"https:\/\/resi.do\/web\/wp-json\/wp\/v2\/media?parent=16536"}],"curies":[{"name":"wp","href":"https:\/\/api.w.org\/{rel}","templated":true}]}}